{"id":9,"date":"2026-04-03T20:34:47","date_gmt":"2026-04-03T20:34:47","guid":{"rendered":"https:\/\/www.orphee-serenite.fr\/?page_id=9"},"modified":"2026-04-05T10:18:27","modified_gmt":"2026-04-05T10:18:27","slug":"accueil","status":"publish","type":"page","link":"https:\/\/www.orphee-serenite.fr\/","title":{"rendered":"Accueil"},"content":{"rendered":"\n<p class=\"has-text-align-left\">Dans un monde o\u00f9 tout va vite, o\u00f9 les exigences du quotidien prennent souvent le dessus, il devient essentiel de se reconnecter \u00e0 soi-m\u00eame. Prendre soin de soi n\u2019est pas un luxe, mais une n\u00e9cessit\u00e9. C\u2019est une mani\u00e8re de pr\u00e9server son \u00e9quilibre, de retrouver de l\u2019\u00e9nergie et d\u2019\u00e9couter ce que le corps cherche \u00e0 exprimer.<\/p>\n\n\n\n<p>La r\u00e9flexologie s\u2019inscrit pleinement dans cette d\u00e9marche. En stimulant des zones r\u00e9flexes situ\u00e9es notamment sur les pieds, les mains ou le visage, elle invite le corps \u00e0 rel\u00e2cher les tensions accumul\u00e9es et \u00e0 retrouver son harmonie naturelle. Chaque pression, chaque mouvement agit comme un dialogue silencieux avec l\u2019organisme, permettant de lib\u00e9rer le stress, d\u2019am\u00e9liorer la circulation et de favoriser une profonde d\u00e9tente.<\/p>\n\n\n\n<p>Au-del\u00e0 de ses bienfaits physiques, la r\u00e9flexologie offre un v\u00e9ritable moment de pause. Un espace o\u00f9 l\u2019on peut ralentir, respirer et se recentrer. Dans ce cocon de bien-\u00eatre, l\u2019esprit s\u2019apaise, les pens\u00e9es se clarifient et une sensation globale de mieux-\u00eatre s\u2019installe.<\/p>\n\n\n\n<p class=\"has-text-align-left\">S\u2019accorder ce temps, c\u2019est se donner la permission d\u2019exister pleinement, de se respecter et de nourrir son \u00e9quilibre int\u00e9rieur. La r\u00e9flexologie devient alors bien plus qu\u2019une technique : elle devient un rituel, une invitation \u00e0 prendre soin de soi en profondeur, avec douceur et conscience.<\/p>\n\n\n<div class=\"wp-block-image\">\n<figure class=\"aligncenter size-large is-resized\"><img loading=\"lazy\" decoding=\"async\" width=\"1024\" height=\"576\" src=\"https:\/\/www.orphee-serenite.fr\/wp-content\/uploads\/2026\/04\/LOGO-1-1024x576.png\" alt=\"\" class=\"wp-image-72\" style=\"width:475px;height:auto\" srcset=\"https:\/\/www.orphee-serenite.fr\/wp-content\/uploads\/2026\/04\/LOGO-1-1024x576.png 1024w, https:\/\/www.orphee-serenite.fr\/wp-content\/uploads\/2026\/04\/LOGO-1-300x169.png 300w, https:\/\/www.orphee-serenite.fr\/wp-content\/uploads\/2026\/04\/LOGO-1-768x432.png 768w, https:\/\/www.orphee-serenite.fr\/wp-content\/uploads\/2026\/04\/LOGO-1-1536x864.png 1536w, https:\/\/www.orphee-serenite.fr\/wp-content\/uploads\/2026\/04\/LOGO-1-2048x1152.png 2048w\" sizes=\"auto, (max-width: 1024px) 100vw, 1024px\" \/><\/figure>\n<\/div>","protected":false},"excerpt":{"rendered":"<p>Dans un monde o\u00f9 tout va vite, o\u00f9 les exigences du quotidien prennent souvent le dessus, il devient essentiel de se reconnecter \u00e0 soi-m\u00eame. Prendre soin de soi n\u2019est pas &hellip; <\/p>\n","protected":false},"author":2,"featured_media":0,"parent":0,"menu_order":0,"comment_status":"closed","ping_status":"closed","template":"","meta":{"footnotes":""},"class_list":["post-9","page","type-page","status-publish","hentry"],"_links":{"self":[{"href":"https:\/\/www.orphee-serenite.fr\/index.php\/wp-json\/wp\/v2\/pages\/9","targetHints":{"allow":["GET"]}}],"collection":[{"href":"https:\/\/www.orphee-serenite.fr\/index.php\/wp-json\/wp\/v2\/pages"}],"about":[{"href":"https:\/\/www.orphee-serenite.fr\/index.php\/wp-json\/wp\/v2\/types\/page"}],"author":[{"embeddable":true,"href":"https:\/\/www.orphee-serenite.fr\/index.php\/wp-json\/wp\/v2\/users\/2"}],"replies":[{"embeddable":true,"href":"https:\/\/www.orphee-serenite.fr\/index.php\/wp-json\/wp\/v2\/comments?post=9"}],"version-history":[{"count":3,"href":"https:\/\/www.orphee-serenite.fr\/index.php\/wp-json\/wp\/v2\/pages\/9\/revisions"}],"predecessor-version":[{"id":73,"href":"https:\/\/www.orphee-serenite.fr\/index.php\/wp-json\/wp\/v2\/pages\/9\/revisions\/73"}],"wp:attachment":[{"href":"https:\/\/www.orphee-serenite.fr\/index.php\/wp-json\/wp\/v2\/media?parent=9"}],"curies":[{"name":"wp","href":"https:\/\/api.w.org\/{rel}","templated":true}]}}