{"id":85,"date":"2026-04-05T11:39:37","date_gmt":"2026-04-05T11:39:37","guid":{"rendered":"https:\/\/www.orphee-serenite.fr\/?page_id=85"},"modified":"2026-04-05T13:00:02","modified_gmt":"2026-04-05T13:00:02","slug":"mentions-legales","status":"publish","type":"page","link":"https:\/\/www.orphee-serenite.fr\/index.php\/accueil\/mentions-legales\/","title":{"rendered":"Mentions L\u00e9gales"},"content":{"rendered":"\n<h1 class=\"wp-block-heading\">\u00c9diteur du site<\/h1>\n\n\n\n<p>Le pr\u00e9sent site internet, accessible \u00e0 l\u2019adresse \u00ab&nbsp;&lt;<strong>https:\/\/www.orphee-serenite.fr<\/strong>&gt;&nbsp;\u00bb , orphee-serenite.fr est \u00e9dit\u00e9 par :&nbsp;<\/p>\n\n\n\n<p><strong>Nom \/ Enseigne :\u00a0<\/strong>Orph\u00e9e S\u00e9r\u00e9nit\u00e9<br><strong>Repr\u00e9sentante l\u00e9gale :\u00a0<\/strong>Fr\u00e9d\u00e9ric HOARAU \u00a0 \u00a0 \u00a0 \u00a0 \u00a0 \u00a0 <strong>Statut :<\/strong>\u00a0Entreprise Individuelle (Auto-entrepreneur)\u00a0 \u00a0 \u00a0 \u00a0 \u00a0 <strong>Si\u00e8ge social :<\/strong>\u00a01, Avenue du P\u00e9rigord \u2013 33370 POMPIGNAC<br><strong>SIREN :<\/strong>\u00a0977 967 520<\/p>\n\n\n\n<p><\/p>\n\n\n\n<p><br><strong>Directrice de la publication :<\/strong>&nbsp;Fr\u00e9d\u00e9ric HOARAU<br><strong>Contact :<\/strong>&nbsp;mail : contact@orphee-serenite.fr&nbsp; &nbsp; &nbsp; &nbsp;tel : 0685746557<\/p>\n\n\n\n<h2 class=\"wp-block-heading\">H\u00e9bergement du site<\/h2>\n\n\n\n<p>Le site est h\u00e9berg\u00e9 par :&nbsp;<\/p>\n\n\n\n<p><strong>Nom de l\u2019h\u00e9bergeur :<\/strong>&nbsp;OVHcloud<br><strong>Adresse :<\/strong>&nbsp;2 rue Kellermann 59100 Roubaix France<br><strong>Site web :&nbsp;<a href=\"https:\/\/www.ovhcloud.com\/fr\/\">https:\/\/www.ovhcloud.com\/fr\/<\/a><\/strong><\/p>\n\n\n\n<h2 class=\"wp-block-heading\">Propri\u00e9t\u00e9 intellectuelle<\/h2>\n\n\n\n<p>Le du contenu de ce site est la propri\u00e9t\u00e9 exclusive de&nbsp;<strong>Orph\u00e9e S\u00e9r\u00e9nit\u00e9<\/strong>, sauf mention contraire.<br>Toute reproduction, distribution ou modification de ces \u00e9l\u00e9ments, sans l\u2019accord expr\u00e8s et \u00e9crit de Fr\u00e9d\u00e9ric HOARAU, est interdite et constitue une contrefa\u00e7on sanctionn\u00e9e par le Code de la propri\u00e9t\u00e9 intellectuelle.<\/p>\n\n\n\n<h2 class=\"wp-block-heading\">Responsabilit\u00e9<\/h2>\n\n\n\n<p>L\u2019\u00e9diteur s\u2019efforce de fournir des informations aussi pr\u00e9cises que possible. Toutefois, il ne pourra \u00eatre tenu responsable des omissions ou des lacunes dans la mise \u00e0 jour des informations. L\u2019utilisateur utilise le site sous sa seule responsabilit\u00e9.<br>Le site peut contenir des liens vers d\u2019autres sites. Orph\u00e9e S\u00e9r\u00e9nit\u00e9 n\u2019exerce aucun contr\u00f4le sur le contenu de ces sites tiers et d\u00e9cline toute responsabilit\u00e9 \u00e0 leur sujet.<\/p>\n\n\n\n<p><\/p>\n","protected":false},"excerpt":{"rendered":"<p>\u00c9diteur du site Le pr\u00e9sent site internet, accessible \u00e0 l\u2019adresse \u00ab&nbsp;&lt;https:\/\/www.orphee-serenite.fr&gt;&nbsp;\u00bb , orphee-serenite.fr est \u00e9dit\u00e9 par :&nbsp; Nom \/ Enseigne :\u00a0Orph\u00e9e S\u00e9r\u00e9nit\u00e9Repr\u00e9sentante l\u00e9gale :\u00a0Fr\u00e9d\u00e9ric HOARAU \u00a0 \u00a0 \u00a0 \u00a0 \u00a0 &hellip; <\/p>\n","protected":false},"author":2,"featured_media":0,"parent":9,"menu_order":0,"comment_status":"closed","ping_status":"closed","template":"","meta":{"footnotes":""},"class_list":["post-85","page","type-page","status-publish","hentry"],"_links":{"self":[{"href":"https:\/\/www.orphee-serenite.fr\/index.php\/wp-json\/wp\/v2\/pages\/85","targetHints":{"allow":["GET"]}}],"collection":[{"href":"https:\/\/www.orphee-serenite.fr\/index.php\/wp-json\/wp\/v2\/pages"}],"about":[{"href":"https:\/\/www.orphee-serenite.fr\/index.php\/wp-json\/wp\/v2\/types\/page"}],"author":[{"embeddable":true,"href":"https:\/\/www.orphee-serenite.fr\/index.php\/wp-json\/wp\/v2\/users\/2"}],"replies":[{"embeddable":true,"href":"https:\/\/www.orphee-serenite.fr\/index.php\/wp-json\/wp\/v2\/comments?post=85"}],"version-history":[{"count":3,"href":"https:\/\/www.orphee-serenite.fr\/index.php\/wp-json\/wp\/v2\/pages\/85\/revisions"}],"predecessor-version":[{"id":93,"href":"https:\/\/www.orphee-serenite.fr\/index.php\/wp-json\/wp\/v2\/pages\/85\/revisions\/93"}],"up":[{"embeddable":true,"href":"https:\/\/www.orphee-serenite.fr\/index.php\/wp-json\/wp\/v2\/pages\/9"}],"wp:attachment":[{"href":"https:\/\/www.orphee-serenite.fr\/index.php\/wp-json\/wp\/v2\/media?parent=85"}],"curies":[{"name":"wp","href":"https:\/\/api.w.org\/{rel}","templated":true}]}}