{"id":48,"date":"2026-04-03T21:46:55","date_gmt":"2026-04-03T21:46:55","guid":{"rendered":"https:\/\/www.orphee-serenite.fr\/?page_id=48"},"modified":"2026-04-03T21:46:55","modified_gmt":"2026-04-03T21:46:55","slug":"prise-en-charge","status":"publish","type":"page","link":"https:\/\/www.orphee-serenite.fr\/index.php\/prise-en-charge\/","title":{"rendered":"Prise en charge"},"content":{"rendered":"\n<p><strong>Une enqu\u00eate Harris Interactive de novembre 2019 d\u00e9montre l\u2019app\u00e9tence des Fran\u00e7ais pour les m\u00e9decines douces, mais aussi le frein financier :<\/strong><\/p>\n\n\n\n<ul class=\"wp-block-list\">\n<li><strong>86% d\u00e9clarent avoir une bonne image des m\u00e9decines douces,<\/strong><\/li>\n\n\n\n<li><strong>71% d\u00e9clarent avoir d\u00e9j\u00e0 test\u00e9 au moins dans leur vie une pratique de m\u00e9decine douce<\/strong><\/li>\n\n\n\n<li><strong>76% d\u00e9clarent que les pratiques de m\u00e9decine douce sont ch\u00e8res.<\/strong><\/li>\n<\/ul>\n\n\n\n<h2 class=\"wp-block-heading\">Le remboursement de la r\u00e9flexologie par la mutuelle sant\u00e9<\/h2>\n\n\n\n<p>Pour b\u00e9n\u00e9ficier d\u2019un remboursement sur vos consultations de r\u00e9flexologie, vous devez&nbsp;choisir une mutuelle sant\u00e9&nbsp;qui comprend une&nbsp;<strong>garantie \u00ab\u2009m\u00e9decines douces\u2009\u00bb<\/strong>&nbsp;ou \u00ab\u2009<strong>m\u00e9decines alternatives<\/strong>\u2009\u00bb.&nbsp;<\/p>\n\n\n\n<p>En plus du remboursement de vos s\u00e9ances chez le r\u00e9flexologue, vous pourrez b\u00e9n\u00e9ficier d\u2019une prise en charge pour d\u2019autres th\u00e9rapies compl\u00e9mentaires. Les&nbsp;<strong>mutuelles qui couvrent les m\u00e9decines douces<\/strong>&nbsp;peuvent vous rembourser :<\/p>\n\n\n\n<ul class=\"wp-block-list\">\n<li>L\u2019ost\u00e9opathie\u2009;\u00a0<\/li>\n\n\n\n<li>L\u2019acupuncture\u2009;\u00a0<\/li>\n\n\n\n<li>La sophrologie\u2009;<\/li>\n\n\n\n<li>La naturopathie\u2009;<\/li>\n\n\n\n<li>La phytoth\u00e9rapie.<\/li>\n<\/ul>\n\n\n\n<p><strong>Attention<\/strong>&nbsp;:&nbsp;<strong>les mutuelles choisissent les&nbsp;m\u00e9decines douces&nbsp;qu\u2019elles remboursent<\/strong>. Consultez le tableau des garanties pour conna\u00eetre les th\u00e9rapies douces couvertes par votre mutuelle\u2009!&nbsp;<\/p>\n\n\n\n<h2 class=\"wp-block-heading\">Comment trouver une mutuelle qui rembourse la r\u00e9flexologie\u2009?&nbsp;<\/h2>\n\n\n\n<p>De plus en plus de&nbsp;<strong>mutuelles sant\u00e9 remboursent les m\u00e9decines alternatives, m\u00eame si ce sont des&nbsp;mutuelles pas ch\u00e8res<\/strong>. Elles proposent g\u00e9n\u00e9ralement des offres interm\u00e9diaires et premium incluant un&nbsp;<strong>forfait annuel d\u00e9di\u00e9 \u00e0 la r\u00e9flexologie<\/strong>&nbsp;et aux m\u00e9decines douces.&nbsp;<\/p>\n\n\n\n<p>En fonction des mutuelles et des options, vous pouvez opter pour :<\/p>\n\n\n\n<ul class=\"wp-block-list\">\n<li>Un\u00a0<strong>remboursement au forfait<\/strong>, qui couvre un montant annuel en m\u00e9decines douces\u2009;<\/li>\n\n\n\n<li>Un\u00a0<strong>remboursement par s\u00e9ance<\/strong>, qui fixe un montant maximum rembours\u00e9 par consultation.<\/li>\n<\/ul>\n\n\n\n<p>La plupart des mutuelles proposent un forfait annuel avec plafond, qui peut vous permettre d\u2019\u00eatre rembours\u00e9&nbsp;<strong>\u00e0 hauteur de 300&nbsp;\u20ac<\/strong>&nbsp;par an, en moyenne.&nbsp;<\/p>\n\n\n\n<h2 class=\"wp-block-heading\">Quelles mutuelles remboursent la r\u00e9flexologie\u2009?<\/h2>\n\n\n\n<p>Voici une&nbsp;<strong>liste non exhaustive<\/strong>&nbsp;des&nbsp;<strong>mutuelles qui remboursent la r\u00e9flexologie<\/strong>&nbsp;:<\/p>\n\n\n\n<ul class=\"wp-block-list\">\n<li>Alptis\u2009;<\/li>\n\n\n\n<li>Assurema\u2009;<\/li>\n\n\n\n<li>Axa\u2009;<\/li>\n\n\n\n<li>Ipselia\u2009;<\/li>\n\n\n\n<li>Maaf\u2009;<\/li>\n\n\n\n<li>Mutuelle de France\u2009;<\/li>\n\n\n\n<li>Mutuelle Verte\u2009;<\/li>\n\n\n\n<li>Myriade Mutuelle\u2009;<\/li>\n\n\n\n<li>Novia\u00a0;<\/li>\n\n\n\n<li>Phenix\u00a0;<\/li>\n\n\n\n<li>Radiance\u2009;<\/li>\n\n\n\n<li>Reunica\u00a0;<\/li>\n\n\n\n<li>Smeba\u00a0;<\/li>\n\n\n\n<li>Unilia.<\/li>\n<\/ul>\n","protected":false},"excerpt":{"rendered":"<p>Une enqu\u00eate Harris Interactive de novembre 2019 d\u00e9montre l\u2019app\u00e9tence des Fran\u00e7ais pour les m\u00e9decines douces, mais aussi le frein financier : Le remboursement de la r\u00e9flexologie par la mutuelle sant\u00e9 &hellip; <\/p>\n","protected":false},"author":2,"featured_media":0,"parent":0,"menu_order":0,"comment_status":"closed","ping_status":"closed","template":"","meta":{"footnotes":""},"class_list":["post-48","page","type-page","status-publish","hentry"],"_links":{"self":[{"href":"https:\/\/www.orphee-serenite.fr\/index.php\/wp-json\/wp\/v2\/pages\/48","targetHints":{"allow":["GET"]}}],"collection":[{"href":"https:\/\/www.orphee-serenite.fr\/index.php\/wp-json\/wp\/v2\/pages"}],"about":[{"href":"https:\/\/www.orphee-serenite.fr\/index.php\/wp-json\/wp\/v2\/types\/page"}],"author":[{"embeddable":true,"href":"https:\/\/www.orphee-serenite.fr\/index.php\/wp-json\/wp\/v2\/users\/2"}],"replies":[{"embeddable":true,"href":"https:\/\/www.orphee-serenite.fr\/index.php\/wp-json\/wp\/v2\/comments?post=48"}],"version-history":[{"count":1,"href":"https:\/\/www.orphee-serenite.fr\/index.php\/wp-json\/wp\/v2\/pages\/48\/revisions"}],"predecessor-version":[{"id":49,"href":"https:\/\/www.orphee-serenite.fr\/index.php\/wp-json\/wp\/v2\/pages\/48\/revisions\/49"}],"wp:attachment":[{"href":"https:\/\/www.orphee-serenite.fr\/index.php\/wp-json\/wp\/v2\/media?parent=48"}],"curies":[{"name":"wp","href":"https:\/\/api.w.org\/{rel}","templated":true}]}}