{"id":46,"date":"2026-04-03T21:45:03","date_gmt":"2026-04-03T21:45:03","guid":{"rendered":"https:\/\/www.orphee-serenite.fr\/?page_id=46"},"modified":"2026-04-05T09:50:45","modified_gmt":"2026-04-05T09:50:45","slug":"quest-ce-que-la-reflexologie","status":"publish","type":"page","link":"https:\/\/www.orphee-serenite.fr\/index.php\/quest-ce-que-la-reflexologie\/","title":{"rendered":"Qu&rsquo;est-ce que la R\u00e9flexologie"},"content":{"rendered":"\n<blockquote class=\"wp-block-quote is-layout-flow wp-block-quote-is-layout-flow\"><\/blockquote>\n\n\n\n<p>La r\u00e9flexologie est une pratique manuelle douce qui repose sur le principe selon lequel certaines zones du corps, appel\u00e9es zones r\u00e9flexes, correspondent \u00e0 des organes, des glandes ou des fonctions physiologiques. En stimulant ces points sp\u00e9cifiques, le praticien vise \u00e0 favoriser l\u2019\u00e9quilibre global du corps, \u00e0 rel\u00e2cher les tensions et \u00e0 accompagner les processus naturels d\u2019autor\u00e9gulation.<\/p>\n\n\n\n<p>La r\u00e9flexologie plantaire est la forme la plus r\u00e9pandue. Elle s\u2019exerce sur les pieds, v\u00e9ritables cartographies du corps humain. Chaque zone plantaire correspond \u00e0 une partie pr\u00e9cise de l\u2019organisme. Par des pressions cibl\u00e9es et des mouvements adapt\u00e9s, le praticien agit sur ces zones pour stimuler les fonctions organiques et favoriser une profonde d\u00e9tente.<\/p>\n\n\n\n<p>La r\u00e9flexologie palmaire, quant \u00e0 elle, se pratique sur les mains. Plus accessible et discr\u00e8te, elle est particuli\u00e8rement adapt\u00e9e aux personnes sensibles des pieds ou recherchant une approche rapide et facilement int\u00e9grable au quotidien. Les mains, riches en terminaisons nerveuses, permettent \u00e9galement un travail efficace sur les zones r\u00e9flexes.<\/p>\n\n\n<div class=\"wp-block-image\">\n<figure class=\"aligncenter size-full is-resized\"><img loading=\"lazy\" decoding=\"async\" width=\"612\" height=\"411\" src=\"https:\/\/www.orphee-serenite.fr\/wp-content\/uploads\/2026\/04\/palmaire.jpg\" alt=\"\" class=\"wp-image-56\" style=\"width:274px;height:auto\" srcset=\"https:\/\/www.orphee-serenite.fr\/wp-content\/uploads\/2026\/04\/palmaire.jpg 612w, https:\/\/www.orphee-serenite.fr\/wp-content\/uploads\/2026\/04\/palmaire-300x201.jpg 300w, https:\/\/www.orphee-serenite.fr\/wp-content\/uploads\/2026\/04\/palmaire-370x247.jpg 370w\" sizes=\"auto, (max-width: 612px) 100vw, 612px\" \/><\/figure>\n<\/div>\n\n\n<p>Le Dien Chan, ou r\u00e9flexologie faciale, est une technique d\u2019origine vietnamienne qui utilise le visage comme zone de projection du corps. \u00c0 l\u2019aide d\u2019outils sp\u00e9cifiques ou de stimulations manuelles, cette m\u00e9thode agit rapidement sur les tensions et les d\u00e9s\u00e9quilibres. Elle se distingue par sa pr\u00e9cision et ses effets souvent imm\u00e9diats, notamment sur la gestion de la douleur et du stress.<\/p>\n\n\n\n<p>Historiquement, les pratiques r\u00e9flexologiques trouvent leurs racines dans des civilisations anciennes telles que l\u2019\u00c9gypte, la Chine ou encore l\u2019Inde, o\u00f9 des formes de soins par pression \u00e9taient d\u00e9j\u00e0 utilis\u00e9es il y a plusieurs mill\u00e9naires. La r\u00e9flexologie moderne s\u2019est structur\u00e9e au d\u00e9but du XXe si\u00e8cle, notamment gr\u00e2ce aux travaux du m\u00e9decin am\u00e9ricain William Fitzgerald, qui a d\u00e9velopp\u00e9 la th\u00e9orie des zones, puis d\u2019Eunice Ingham, qui a approfondi la cartographie des pieds. Depuis, la discipline n\u2019a cess\u00e9 d\u2019\u00e9voluer et de se diversifier, int\u00e9grant diff\u00e9rentes approches comme le Dien Chan, tout en conservant son objectif fondamental : accompagner le bien-\u00eatre et l\u2019harmonie du corps.<\/p>\n\n\n\n<p><\/p>\n","protected":false},"excerpt":{"rendered":"<p>La r\u00e9flexologie est une pratique manuelle douce qui repose sur le principe selon lequel certaines zones du corps, appel\u00e9es zones r\u00e9flexes, correspondent \u00e0 des organes, des glandes ou des fonctions &hellip; <\/p>\n","protected":false},"author":2,"featured_media":0,"parent":0,"menu_order":0,"comment_status":"closed","ping_status":"closed","template":"","meta":{"footnotes":""},"class_list":["post-46","page","type-page","status-publish","hentry"],"_links":{"self":[{"href":"https:\/\/www.orphee-serenite.fr\/index.php\/wp-json\/wp\/v2\/pages\/46","targetHints":{"allow":["GET"]}}],"collection":[{"href":"https:\/\/www.orphee-serenite.fr\/index.php\/wp-json\/wp\/v2\/pages"}],"about":[{"href":"https:\/\/www.orphee-serenite.fr\/index.php\/wp-json\/wp\/v2\/types\/page"}],"author":[{"embeddable":true,"href":"https:\/\/www.orphee-serenite.fr\/index.php\/wp-json\/wp\/v2\/users\/2"}],"replies":[{"embeddable":true,"href":"https:\/\/www.orphee-serenite.fr\/index.php\/wp-json\/wp\/v2\/comments?post=46"}],"version-history":[{"count":3,"href":"https:\/\/www.orphee-serenite.fr\/index.php\/wp-json\/wp\/v2\/pages\/46\/revisions"}],"predecessor-version":[{"id":70,"href":"https:\/\/www.orphee-serenite.fr\/index.php\/wp-json\/wp\/v2\/pages\/46\/revisions\/70"}],"wp:attachment":[{"href":"https:\/\/www.orphee-serenite.fr\/index.php\/wp-json\/wp\/v2\/media?parent=46"}],"curies":[{"name":"wp","href":"https:\/\/api.w.org\/{rel}","templated":true}]}}