{"id":42,"date":"2026-04-03T21:42:14","date_gmt":"2026-04-03T21:42:14","guid":{"rendered":"https:\/\/www.orphee-serenite.fr\/?page_id=42"},"modified":"2026-04-03T23:10:11","modified_gmt":"2026-04-03T23:10:11","slug":"evenements","status":"publish","type":"page","link":"https:\/\/www.orphee-serenite.fr\/index.php\/evenements\/","title":{"rendered":"Ev\u00e8nements"},"content":{"rendered":"\n<p>Pour bien d\u00e9buter cette ann\u00e9e 2026, le <strong>Comit\u00e9 de Quartier Ariane Saraill\u00e8re<\/strong> (CQAS) de CENON (33) a offert \u00e0 ses adh\u00e9rent(e)s des s\u00e9ances hebdomadaires de R\u00e9flexologie.<\/p>\n\n\n\n<p>Ainsi, les b\u00e9n\u00e9ficiaires auront pu (re)d\u00e9couvrir diff\u00e9rentes techniques de cette pratique, \u00e0 savoir la r\u00e9flexologie plantaire, la r\u00e9flexologie palmaire, la r\u00e9flexologie faciale Dien Chan et la r\u00e9flexologie Cr\u00e2nio-faciale.<\/p>\n\n\n\n<p>Ecoutez ci-dessous le reportage fait par <strong>O2 RADIO 91.3 FM<\/strong> avec les t\u00e9moignages des organisatrices, des b\u00e9n\u00e9ficiaires et des intervenantes partenaire (Elodie et Victoria)<\/p>\n\n\n\n<figure class=\"wp-block-audio\"><audio controls src=\"https:\/\/www.orphee-serenite.fr\/wp-content\/uploads\/2026\/04\/JOURNAL-VENDREDI-6-MARS-2026.mp3\"><\/audio><\/figure>\n\n\n<div class=\"wp-block-image\">\n<figure class=\"aligncenter size-large is-resized\"><img loading=\"lazy\" decoding=\"async\" width=\"724\" height=\"1024\" src=\"https:\/\/www.orphee-serenite.fr\/wp-content\/uploads\/2026\/04\/CQAS-724x1024.jpg\" alt=\"\" class=\"wp-image-59\" style=\"aspect-ratio:0.7070361672146548;width:522px;height:auto\" srcset=\"https:\/\/www.orphee-serenite.fr\/wp-content\/uploads\/2026\/04\/CQAS-724x1024.jpg 724w, https:\/\/www.orphee-serenite.fr\/wp-content\/uploads\/2026\/04\/CQAS-212x300.jpg 212w, https:\/\/www.orphee-serenite.fr\/wp-content\/uploads\/2026\/04\/CQAS-768x1086.jpg 768w, https:\/\/www.orphee-serenite.fr\/wp-content\/uploads\/2026\/04\/CQAS-1086x1536.jpg 1086w, https:\/\/www.orphee-serenite.fr\/wp-content\/uploads\/2026\/04\/CQAS.jpg 1414w\" sizes=\"auto, (max-width: 724px) 100vw, 724px\" \/><\/figure>\n<\/div>\n\n\n<p>.<\/p>\n\n\n\n<p><strong>R\u00e9flexologie et musique \u00e0 Royan (17)<\/strong><\/p>\n\n\n\n<p>Pour cette troisi\u00e8me \u00e9dition, le festival est entr\u00e9 dans sa dimension grand public du lundi&nbsp;20 au mercredi 22&nbsp;octobre 2025. \u00c0 chaque jour, au moins, sa conf\u00e9rence et son concert, en lien avec le Palais Royan \u00c9v\u00e9nements, des rendez-vous&nbsp;<strong>souvent gratuits<\/strong>, qui poursuivent tous un m\u00eame objectif&nbsp;: mettre en lumi\u00e8re \u00ab&nbsp;un instrument moderne, polyvalent&nbsp;\u00bb, d\u00e9fend inlassablement Emmanuelle Piaud.<\/p>\n\n\n<div class=\"wp-block-image\">\n<figure class=\"aligncenter size-full is-resized\"><img loading=\"lazy\" decoding=\"async\" width=\"509\" height=\"753\" src=\"https:\/\/www.orphee-serenite.fr\/wp-content\/uploads\/2026\/04\/image.jpeg\" alt=\"\" class=\"wp-image-43\" style=\"aspect-ratio:0.67596437744545;width:505px;height:auto\" srcset=\"https:\/\/www.orphee-serenite.fr\/wp-content\/uploads\/2026\/04\/image.jpeg 509w, https:\/\/www.orphee-serenite.fr\/wp-content\/uploads\/2026\/04\/image-203x300.jpeg 203w\" sizes=\"auto, (max-width: 509px) 100vw, 509px\" \/><\/figure>\n<\/div>\n\n\n<p>C\u2019est dans ce cadre que nous nous sommes retrouv\u00e9s pour proposer aux b\u00e9n\u00e9voles, artistes et exposants de b\u00e9n\u00e9ficier gratuitement d\u2019un s\u00e9ance de R\u00e9flexologie sous l\u2019\u00e9gide de&nbsp;<strong>Codev\u2019Reflex<\/strong>&nbsp;(implant\u00e9 \u00e0 Saujon 17) et&nbsp;<strong>M\u00e9lodie Des Sens&nbsp;<\/strong>(Oudon 44).<\/p>\n\n\n\n<p>Une quarantaine de minute durant laquelle les b\u00e9n\u00e9ficiaires ont eu le plaisir de d\u00e9couvrir cette pratique du bien-\u00eatre en s\u2019accordant le temps de renouer avec son corps, son esprit et sa s\u00e9r\u00e9nit\u00e9.<\/p>\n\n\n\n<p>Un remerciement particulier pour&nbsp;<strong>Laure GUEILHERS&nbsp;<\/strong>qui nous a int\u00e9gr\u00e9s \u00e0 cette manifestation, ainsi qu\u2019\u00e0 toute l\u2019\u00e9quipe,&nbsp;<strong>Jennifer, Jeanne, Laurence, Laetitia, Rapha\u00eblla, Lucas, Amandine, Fred, Delphine, Isabelle, Val\u00e9rie, Elodie et Victoria<\/strong>, anim\u00e9e par la seule volont\u00e9 de mettre leurs comp\u00e9tences au service du bien-\u00eatre et de la qui\u00e9tude.<\/p>\n\n\n<div class=\"wp-block-image\">\n<figure class=\"aligncenter size-full is-resized\"><img loading=\"lazy\" decoding=\"async\" width=\"945\" height=\"920\" src=\"https:\/\/www.orphee-serenite.fr\/wp-content\/uploads\/2026\/04\/image.png\" alt=\"\" class=\"wp-image-44\" style=\"aspect-ratio:1.027189177828305;width:532px;height:auto\" srcset=\"https:\/\/www.orphee-serenite.fr\/wp-content\/uploads\/2026\/04\/image.png 945w, https:\/\/www.orphee-serenite.fr\/wp-content\/uploads\/2026\/04\/image-300x292.png 300w, https:\/\/www.orphee-serenite.fr\/wp-content\/uploads\/2026\/04\/image-768x748.png 768w\" sizes=\"auto, (max-width: 945px) 100vw, 945px\" \/><\/figure>\n<\/div>\n\n\n<p><\/p>\n","protected":false},"excerpt":{"rendered":"<p>Pour bien d\u00e9buter cette ann\u00e9e 2026, le Comit\u00e9 de Quartier Ariane Saraill\u00e8re (CQAS) de CENON (33) a offert \u00e0 ses adh\u00e9rent(e)s des s\u00e9ances hebdomadaires de R\u00e9flexologie. Ainsi, les b\u00e9n\u00e9ficiaires auront &hellip; <\/p>\n","protected":false},"author":2,"featured_media":0,"parent":0,"menu_order":0,"comment_status":"closed","ping_status":"closed","template":"","meta":{"footnotes":""},"class_list":["post-42","page","type-page","status-publish","hentry"],"_links":{"self":[{"href":"https:\/\/www.orphee-serenite.fr\/index.php\/wp-json\/wp\/v2\/pages\/42","targetHints":{"allow":["GET"]}}],"collection":[{"href":"https:\/\/www.orphee-serenite.fr\/index.php\/wp-json\/wp\/v2\/pages"}],"about":[{"href":"https:\/\/www.orphee-serenite.fr\/index.php\/wp-json\/wp\/v2\/types\/page"}],"author":[{"embeddable":true,"href":"https:\/\/www.orphee-serenite.fr\/index.php\/wp-json\/wp\/v2\/users\/2"}],"replies":[{"embeddable":true,"href":"https:\/\/www.orphee-serenite.fr\/index.php\/wp-json\/wp\/v2\/comments?post=42"}],"version-history":[{"count":5,"href":"https:\/\/www.orphee-serenite.fr\/index.php\/wp-json\/wp\/v2\/pages\/42\/revisions"}],"predecessor-version":[{"id":68,"href":"https:\/\/www.orphee-serenite.fr\/index.php\/wp-json\/wp\/v2\/pages\/42\/revisions\/68"}],"wp:attachment":[{"href":"https:\/\/www.orphee-serenite.fr\/index.php\/wp-json\/wp\/v2\/media?parent=42"}],"curies":[{"name":"wp","href":"https:\/\/api.w.org\/{rel}","templated":true}]}}